{"id":17,"date":"2013-01-23T22:22:59","date_gmt":"2013-01-23T20:22:59","guid":{"rendered":"http:\/\/junghans.mojo2k.de\/?page_id=17"},"modified":"2017-07-30T15:44:45","modified_gmt":"2017-07-30T13:44:45","slug":"bucher","status":"publish","type":"page","link":"https:\/\/helga-maria-junghans.de\/?page_id=17","title":{"rendered":"B\u00fccher"},"content":{"rendered":"<h1>Wo ist Bethlehem (2013\u00a0<a href=\"http:\/\/best-off-verlag.de\/\">Best-Off Verlag<\/a>)<\/h1>\n<p>Erz\u00e4hlungen<br \/>\n<a href=\"http:\/\/helga-maria-junghans.de\/wp-content\/uploads\/2013\/07\/CIMG0288.jpeg\"><img loading=\"lazy\" decoding=\"async\" class=\"alignnone size-medium wp-image-89\" src=\"http:\/\/helga-maria-junghans.de\/wp-content\/uploads\/2013\/07\/CIMG0288-225x300.jpeg\" alt=\"CIMG0288\" width=\"225\" height=\"300\" srcset=\"https:\/\/helga-maria-junghans.de\/wp-content\/uploads\/2013\/07\/CIMG0288-225x300.jpeg 225w, https:\/\/helga-maria-junghans.de\/wp-content\/uploads\/2013\/07\/CIMG0288-768x1024.jpeg 768w, https:\/\/helga-maria-junghans.de\/wp-content\/uploads\/2013\/07\/CIMG0288-624x832.jpeg 624w, https:\/\/helga-maria-junghans.de\/wp-content\/uploads\/2013\/07\/CIMG0288.jpeg 960w\" sizes=\"auto, (max-width: 225px) 100vw, 225px\" \/><\/a><\/p>\n<p><strong>Zum Buch<\/strong><\/p>\n<p>Was ist in dieser &#8222;modernen&#8220; Zeit von<br \/>\nWeihnachten geblieben?<\/p>\n<p>Die Geschichten zur Weihnachtszeit wollen<br \/>\nuns erinnern und wieder verbinden mit dem,<br \/>\nwas uns aus der Kindheit vertraut ist &#8211;<br \/>\naber zunehmend verloren geht.<\/p>\n<h1>Der erstarrte Mann (2012 <a href=\"http:\/\/best-off-verlag.de\/\">Best-Off Verlag<\/a>)<\/h1>\n<p>Roman<br \/>\n<a href=\"http:\/\/junghans.mojo2k.de\/?attachment_id=21\" rel=\"attachment wp-att-21\"><img loading=\"lazy\" decoding=\"async\" src=\"http:\/\/junghans.mojo2k.de\/wp-content\/uploads\/2013\/01\/CIMG7347_klein-224x300.jpg\" alt=\"Der erstarrte Mann\" width=\"224\" height=\"300\" \/><\/a><\/p>\n<dl id=\"attachment_21\">\n<dd>Der erstarrte Mann<\/dd>\n<\/dl>\n<p><strong>Zum Buch<\/strong><\/p>\n<p>Kurz nach dem ersten Weltkrieg: Marie-Luise; sensibel, musisch, widersetzt sich den Berufspl\u00e4nen\u00a0ihres Vaters. Sie zieht zur wesensverwandtenTante Charlotte nach \u00d6sterreich. Dort trifft sie die\u00a0Liebe ihres Lebens und bekommt einen Sohn: Charles. Bei einem Lawinenungl\u00fcck verliert er\u00a0seine Eltern und Tante Charlotte. So w\u00e4chst er beim Onkel auf.\u00a0Der schickt den jungen Charles in die Welt hinaus, damit er die Pferdezucht und das Hotelfach\u00a0erlernt. In Australien heiratet er die Tochter einer reichen Familie und erlebt die gr\u00f6\u00dfte Entt\u00e4uschung\u00a0seines Lebens. Mit seiner Tochter Miriam kehrt er nach \u00d6sterreich zur\u00fcck und versucht, f\u00fcr beide\u00a0eine heile Welt zu schaffen. Doch nach seinem pl\u00f6tzlichen Tod steht Miriam hilflos vor der Realit\u00e4t.<br \/>\n&#8211; Bis Franz von Walden die Hotelleitung \u00fcbernimmt. Erst jetzt kann Miriam den Weg zu sich selbst suchen&#8230;.<\/p>\n<p><strong>Rezensionen<\/strong><\/p>\n<p>Patricia Knorr<br \/>\n&#8222;&#8218;Zum heulen sch\u00f6n!&#8216;<br \/>\nMit dieser Lesermeinung zum Roman &#8218;Der erstarrte Mann&#8216; beginnt die Rezension von Markus Bauer in den Tangrintler Nachrichten vom 07.09.2012. &#8218;Wie k\u00f6nnen wir das Paradies finden, auch wenn wir gegen tradierte Normen und Konventionen aufbegehren?&#8216; Diese Grundhaltung zieht sich durch das Werk von Helga-Maria Junghans wie ein roter Faden. Die unterschiedlichen Schicksale, N\u00f6te und Hoffnungen der sensibel gezeichneten Figuren begleiten den Leser durch den spannend geschriebenen Generationenroman und zeigen, welche Wege aus der Krise f\u00fchren. &#8218;Sonst ertrinken wir in der Depression!&#8216; meint hierzu die Autorin.&#8220;<\/p>\n<p>&nbsp;<\/p>\n<p><a href=\"http:\/\/www.amazon.de\/erstarrte-Mann-Roman-Helga-Maria-Junghans\/dp\/3942427567\/ref=sr_1_1?s=books&amp;ie=UTF8&amp;qid=1358603493&amp;sr=1-1\" target=\"_blank\" rel=\"noopener noreferrer\">Jetzt kaufen bei Amazon<\/a><\/p>\n<h1>Das getr\u00e4umte Leben 2010 Frieling Verlag<\/h1>\n<h1>3. erweiterte Auflage 2017 Best-off- Verlag<\/h1>\n<p>&nbsp;<\/p>\n<p>Erz\u00e4hlungen<br \/>\n<a href=\"http:\/\/helga-maria-junghans.de\/wp-content\/uploads\/2013\/01\/CIMG1625-klein.jpg\" rel=\"attachment wp-att-19\"><img loading=\"lazy\" decoding=\"async\" class=\"alignnone wp-image-244 size-medium\" src=\"http:\/\/helga-maria-junghans.de\/wp-content\/uploads\/2013\/01\/CIMG1625-klein-226x300.jpg\" alt=\"\" width=\"226\" height=\"300\" srcset=\"https:\/\/helga-maria-junghans.de\/wp-content\/uploads\/2013\/01\/CIMG1625-klein-226x300.jpg 226w, https:\/\/helga-maria-junghans.de\/wp-content\/uploads\/2013\/01\/CIMG1625-klein.jpg 300w\" sizes=\"auto, (max-width: 226px) 100vw, 226px\" \/><\/a><\/p>\n<div>Das getr\u00e4umte Leben<\/div>\n<div><\/div>\n<div><\/div>\n<p><strong>Zum Buch<\/strong><\/p>\n<p>Von Abschied und Neubeginn k\u00fcnden die sechs sensiblen Erz\u00e4hlungen von Helga-Maria Junghans. In den Geschichten werden Schicksalswege von Menschen erz\u00e4hlt, durch die deren Leben v\u00f6llig ver\u00e4ndert wird.<br \/>\nAntoinette, die ihren Vater, Lord Breakstone und ihren geliebten Mann durch eine Trag\u00f6die verliert. In der titelgebenden Geschichte gelingt es einer Journalistin, sich von ihrem besitzergreifenden Ehemann \u2013 einem abgebr\u00fchten Verleger \u2013 zu l\u00f6sen. Helga-Maria Junghans stilistisch wunderbare Erz\u00e4hlungen pr\u00e4sentieren den Weg des Menschen zu seiner inneren Wahrheit.<\/p>\n<p><a href=\"http:\/\/www.amazon.de\/Das-getr\u00e4umte-Leben-Helga-Maria-Junghans\/dp\/3828028462\/ref=sr_1_1?ie=UTF8&amp;qid=1358603431&amp;sr=8-1\" target=\"_blank\" rel=\"noopener noreferrer\">Jetzt kaufen bei Amazon<\/a><\/p>\n<blockquote><p>Die Kugel &#8211; die Rose &#8211; die blaue Blume &#8211; so wundersch\u00f6n&#8230;.<br \/>\nsie leuchten in ihrer Farbe &#8211; und steh\u00b4n und steh\u00b4n.<br \/>\nIrgendwann werden Menschen sie doch seh`n ?<\/p><\/blockquote>\n<p><a href=\"http:\/\/helga-maria-junghans.de\/wp-content\/uploads\/2013\/01\/CIMG0259.jpeg\"><img loading=\"lazy\" decoding=\"async\" class=\"aligncenter\" src=\"http:\/\/helga-maria-junghans.de\/wp-content\/uploads\/2013\/01\/CIMG0259-1024x774.jpeg\" alt=\"CIMG0259\" width=\"625\" height=\"472\" \/><\/a><\/p>\n","protected":false},"excerpt":{"rendered":"<p>Wo ist Bethlehem (2013\u00a0Best-Off Verlag) Erz\u00e4hlungen Zum Buch Was ist in dieser &#8222;modernen&#8220; Zeit von Weihnachten geblieben? Die Geschichten zur Weihnachtszeit wollen uns erinnern und wieder verbinden mit dem, was uns aus der Kindheit vertraut ist &#8211; aber zunehmend verloren geht. Der erstarrte Mann (2012 Best-Off Verlag) Roman Der erstarrte Mann Zum Buch Kurz nach [&hellip;]<\/p>\n","protected":false},"author":2,"featured_media":0,"parent":0,"menu_order":0,"comment_status":"closed","ping_status":"open","template":"","meta":{"footnotes":""},"class_list":["post-17","page","type-page","status-publish","hentry"],"_links":{"self":[{"href":"https:\/\/helga-maria-junghans.de\/index.php?rest_route=\/wp\/v2\/pages\/17","targetHints":{"allow":["GET"]}}],"collection":[{"href":"https:\/\/helga-maria-junghans.de\/index.php?rest_route=\/wp\/v2\/pages"}],"about":[{"href":"https:\/\/helga-maria-junghans.de\/index.php?rest_route=\/wp\/v2\/types\/page"}],"author":[{"embeddable":true,"href":"https:\/\/helga-maria-junghans.de\/index.php?rest_route=\/wp\/v2\/users\/2"}],"replies":[{"embeddable":true,"href":"https:\/\/helga-maria-junghans.de\/index.php?rest_route=%2Fwp%2Fv2%2Fcomments&post=17"}],"version-history":[{"count":19,"href":"https:\/\/helga-maria-junghans.de\/index.php?rest_route=\/wp\/v2\/pages\/17\/revisions"}],"predecessor-version":[{"id":252,"href":"https:\/\/helga-maria-junghans.de\/index.php?rest_route=\/wp\/v2\/pages\/17\/revisions\/252"}],"wp:attachment":[{"href":"https:\/\/helga-maria-junghans.de\/index.php?rest_route=%2Fwp%2Fv2%2Fmedia&parent=17"}],"curies":[{"name":"wp","href":"https:\/\/api.w.org\/{rel}","templated":true}]}}