{"id":385,"date":"2025-07-31T15:20:19","date_gmt":"2025-07-31T13:20:19","guid":{"rendered":"https:\/\/helga-maria-junghans.de\/?page_id=385"},"modified":"2025-07-31T15:37:33","modified_gmt":"2025-07-31T13:37:33","slug":"kummerkasten","status":"publish","type":"page","link":"https:\/\/helga-maria-junghans.de\/?page_id=385","title":{"rendered":"Kummerkasten"},"content":{"rendered":"\n<p>Der erste Schritt zur L\u00f6sung von Problemen ist jemandem davon zu erz\u00e4hlen. Schreiben Sie mir bei Bedarf eine Nachricht \u00fcber das Kontaktformular.<\/p>\n\n\n<\/p>\n\n<div class=\"wpcf7 no-js\" id=\"wpcf7-f387-o1\" lang=\"de-DE\" dir=\"ltr\" data-wpcf7-id=\"387\">\n<div class=\"screen-reader-response\"><p role=\"status\" aria-live=\"polite\" aria-atomic=\"true\"><\/p> <ul><\/ul><\/div>\n<form action=\"\/index.php?rest_route=%2Fwp%2Fv2%2Fpages%2F385#wpcf7-f387-o1\" method=\"post\" class=\"wpcf7-form init\" aria-label=\"Kontaktformular\" novalidate=\"novalidate\" data-status=\"init\">\n<fieldset class=\"hidden-fields-container\"><input type=\"hidden\" name=\"_wpcf7\" value=\"387\" \/><input type=\"hidden\" name=\"_wpcf7_version\" value=\"6.1.5\" \/><input type=\"hidden\" name=\"_wpcf7_locale\" value=\"de_DE\" \/><input type=\"hidden\" name=\"_wpcf7_unit_tag\" value=\"wpcf7-f387-o1\" \/><input type=\"hidden\" name=\"_wpcf7_container_post\" value=\"0\" \/><input type=\"hidden\" name=\"_wpcf7_posted_data_hash\" value=\"\" \/>\n<\/fieldset>\n<p>Ihre E-Mail-Adresse (Pflichtfeld)\n<\/p>\n<p><span class=\"wpcf7-form-control-wrap\" data-name=\"kunde-email\"><input size=\"40\" maxlength=\"400\" class=\"wpcf7-form-control wpcf7-email wpcf7-validates-as-required wpcf7-text wpcf7-validates-as-email\" aria-required=\"true\" aria-invalid=\"false\" value=\"\" type=\"email\" name=\"kunde-email\" \/><\/span>\n<\/p>\n<p>Ihre Nachricht\n<\/p>\n<p><span class=\"wpcf7-form-control-wrap\" data-name=\"kunde-nachricht\"><textarea cols=\"40\" rows=\"10\" maxlength=\"2000\" class=\"wpcf7-form-control wpcf7-textarea\" aria-invalid=\"false\" name=\"kunde-nachricht\"><\/textarea><\/span>\n<\/p>\n<p><span class=\"wpcf7-form-control-wrap\" data-name=\"zustimmung-datenschutz\"><span class=\"wpcf7-form-control wpcf7-acceptance\"><span class=\"wpcf7-list-item\"><input type=\"checkbox\" name=\"zustimmung-datenschutz\" value=\"1\" aria-invalid=\"false\" \/><\/span><\/span><\/span> Ich habe die <a href=\"http:\/\/astrologieundgesicht.de\/?page_id=21\">Datenschutzerkl\u00e4rung<\/a> gelesen und stimme ihr zu\n<\/p>\n<p><span id=\"wpcf7-6a059a3967e28-wrapper\" class=\"wpcf7-form-control-wrap honeypot-959-wrap\" style=\"display:none !important; visibility:hidden !important;\"><input type=\"hidden\" name=\"honeypot-959-time-start\" value=\"1778752057\"><input type=\"hidden\" name=\"honeypot-959-time-check\" value=\"4\"><label for=\"wpcf7-6a059a3967e28-field\" class=\"hp-message\">Bitte lasse dieses Feld leer.<\/label><input id=\"wpcf7-6a059a3967e28-field\"  class=\"wpcf7-form-control wpcf7-text\" type=\"text\" name=\"honeypot-959\" value=\"\" size=\"40\" tabindex=\"-1\" autocomplete=\"new-password\" \/><\/span>\n<\/p>\n<p><input class=\"wpcf7-form-control wpcf7-submit has-spinner\" type=\"submit\" value=\"Senden\" \/>\n<\/p><div class=\"wpcf7-response-output\" aria-hidden=\"true\"><\/div>\n<\/form>\n<\/div>\n\n\n\n<p><\/p>\n","protected":false},"excerpt":{"rendered":"<p>Der erste Schritt zur L\u00f6sung von Problemen ist jemandem davon zu erz\u00e4hlen. Schreiben Sie mir bei Bedarf eine Nachricht \u00fcber das Kontaktformular.<\/p>\n","protected":false},"author":1,"featured_media":0,"parent":0,"menu_order":0,"comment_status":"closed","ping_status":"closed","template":"","meta":{"footnotes":""},"class_list":["post-385","page","type-page","status-publish","hentry"],"_links":{"self":[{"href":"https:\/\/helga-maria-junghans.de\/index.php?rest_route=\/wp\/v2\/pages\/385","targetHints":{"allow":["GET"]}}],"collection":[{"href":"https:\/\/helga-maria-junghans.de\/index.php?rest_route=\/wp\/v2\/pages"}],"about":[{"href":"https:\/\/helga-maria-junghans.de\/index.php?rest_route=\/wp\/v2\/types\/page"}],"author":[{"embeddable":true,"href":"https:\/\/helga-maria-junghans.de\/index.php?rest_route=\/wp\/v2\/users\/1"}],"replies":[{"embeddable":true,"href":"https:\/\/helga-maria-junghans.de\/index.php?rest_route=%2Fwp%2Fv2%2Fcomments&post=385"}],"version-history":[{"count":3,"href":"https:\/\/helga-maria-junghans.de\/index.php?rest_route=\/wp\/v2\/pages\/385\/revisions"}],"predecessor-version":[{"id":392,"href":"https:\/\/helga-maria-junghans.de\/index.php?rest_route=\/wp\/v2\/pages\/385\/revisions\/392"}],"wp:attachment":[{"href":"https:\/\/helga-maria-junghans.de\/index.php?rest_route=%2Fwp%2Fv2%2Fmedia&parent=385"}],"curies":[{"name":"wp","href":"https:\/\/api.w.org\/{rel}","templated":true}]}}